{"id":37,"date":"2019-02-16T18:48:44","date_gmt":"2019-02-16T17:48:44","guid":{"rendered":"https:\/\/niconolden.de\/person\/?page_id=37"},"modified":"2026-01-13T08:41:57","modified_gmt":"2026-01-13T07:41:57","slug":"kategorien","status":"publish","type":"page","link":"https:\/\/niconolden.de\/person\/kategorien\/","title":{"rendered":"Themen"},"content":{"rendered":"\n<p>Bitte w\u00e4hlen Sie aus dem obigen Men\u00fc die Beitragsart, die Sie suchen. Bewegen Sie dazu die Maus \u00fcber den Begriff <strong>Themen<\/strong>. Klicken Sie danach auf die gesuchte Kategorie.<\/p>\n\n\n\n<p>Sie k\u00f6nnen alle Beitr\u00e4ge auch chronologisch durchforsten, indem Sie auf <strong>Startseite<\/strong> klicken. Dann werden Ihnen die j\u00fcngsten Beitr\u00e4ge zuerst angezeigt.<\/p>\n\n\n\n<p>Oder Sie nutzen die folgenden <strong>Links direkt<\/strong> zu den Kategorien (wenn z.B. Mouseover bei Ihnen nicht funktioniert):<\/p>\n\n\n\n<ul class=\"wp-block-list\">\n<li><a href=\"https:\/\/niconolden.de\/person\/category\/vortrag\/\">Vortrag<\/a><\/li>\n\n\n\n<li><a href=\"https:\/\/niconolden.de\/person\/category\/lehre\/\">Lehre<\/a><\/li>\n\n\n\n<li><a href=\"https:\/\/niconolden.de\/person\/category\/publikation\/\">Publikation<\/a><\/li>\n\n\n\n<li><a href=\"https:\/\/niconolden.de\/person\/category\/projekt\/\">Projekt<\/a><\/li>\n\n\n\n<li><a href=\"https:\/\/niconolden.de\/person\/category\/termin\/\">Termin<\/a><\/li>\n\n\n\n<li><a href=\"https:\/\/niconolden.de\/person\/category\/medienspiegel\/\">Medienspiegel<\/a><\/li>\n\n\n\n<li><a href=\"https:\/\/niconolden.de\/person\/category\/ineigenersache\/\">In eigener Sache<\/a><\/li>\n<\/ul>\n","protected":false},"excerpt":{"rendered":"<p>Bitte w\u00e4hlen Sie aus dem obigen Men\u00fc die Beitragsart, die Sie suchen. Bewegen Sie dazu die Maus \u00fcber den Begriff Themen. Klicken Sie danach auf die gesuchte Kategorie. Sie k\u00f6nnen alle Beitr\u00e4ge auch chronologisch durchforsten, indem Sie auf Startseite klicken. Dann werden Ihnen die j\u00fcngsten Beitr\u00e4ge zuerst angezeigt. Oder Sie nutzen die folgenden Links direkt zu den Kategorien (wenn z.B. Mouseover bei Ihnen nicht funktioniert):<\/p>\n","protected":false},"author":1,"featured_media":0,"parent":0,"menu_order":0,"comment_status":"closed","ping_status":"closed","template":"","meta":{"footnotes":""},"class_list":["post-37","page","type-page","status-publish","hentry"],"_links":{"self":[{"href":"https:\/\/niconolden.de\/person\/wp-json\/wp\/v2\/pages\/37","targetHints":{"allow":["GET"]}}],"collection":[{"href":"https:\/\/niconolden.de\/person\/wp-json\/wp\/v2\/pages"}],"about":[{"href":"https:\/\/niconolden.de\/person\/wp-json\/wp\/v2\/types\/page"}],"author":[{"embeddable":true,"href":"https:\/\/niconolden.de\/person\/wp-json\/wp\/v2\/users\/1"}],"replies":[{"embeddable":true,"href":"https:\/\/niconolden.de\/person\/wp-json\/wp\/v2\/comments?post=37"}],"version-history":[{"count":4,"href":"https:\/\/niconolden.de\/person\/wp-json\/wp\/v2\/pages\/37\/revisions"}],"predecessor-version":[{"id":1277,"href":"https:\/\/niconolden.de\/person\/wp-json\/wp\/v2\/pages\/37\/revisions\/1277"}],"wp:attachment":[{"href":"https:\/\/niconolden.de\/person\/wp-json\/wp\/v2\/media?parent=37"}],"curies":[{"name":"wp","href":"https:\/\/api.w.org\/{rel}","templated":true}]}}