{"id":20,"date":"2019-02-16T18:15:12","date_gmt":"2019-02-16T17:15:12","guid":{"rendered":"https:\/\/niconolden.de\/person\/?page_id=20"},"modified":"2020-11-11T17:08:14","modified_gmt":"2020-11-11T16:08:14","slug":"impressum-und-hinweise","status":"publish","type":"page","link":"https:\/\/niconolden.de\/person\/impressum-und-hinweise\/","title":{"rendered":"Impressum und Hinweise"},"content":{"rendered":"\n<h2 class=\"wp-block-heading\">Impressum von niconolden.de<\/h2>\n\n\n\n<p>Inhaltlich Verantwortlicher gem\u00e4\u00df \u00a7 6 MDStV:<\/p>\n\n\n\n<p><strong>Nico Nolden<\/strong><\/p>\n\n\n\n<p>Hellgrund 54<br>22880 Wedel<\/p>\n\n\n\n<p>fon. +0049 (0)4103 &#8211; 187 1607<br>mobil. +0049 (0) 157 &#8211; 746 547 16<br>mail. niconolden [at] gmx [dot] de<\/p>\n\n\n\n<p>http. <a href=\"http:\/\/www.niconolden.de\">www.niconolden.de<\/a><\/p>\n\n\n\n<p>blog. <a rel=\"noreferrer noopener\" href=\"http:\/\/www.keimling.niconolden.de\" target=\"_blank\">www.keimling.niconolden.de<\/a><\/p>\n\n\n\n<hr class=\"wp-block-separator\"\/>\n\n\n\n<h2 class=\"wp-block-heading\">Allgemeiner Haftungsausschluss<\/h2>\n\n\n\n<p>Die Inhalte der Seiten unter niconolden.de wurden von mir &#8211; Nico Nolden &#8211; mit gr\u00f6\u00dfter Sorgfalt erstellt. F\u00fcr die <strong>Richtigkeit, Vollst\u00e4ndigkeit und Aktualit\u00e4t<\/strong> der Inhalte kann ich jedoch keine Gew\u00e4hr \u00fcbernehmen.<\/p>\n\n\n\n<p>Als Diensteanbieter bin ich gem\u00e4\u00df \u00a7 6 Abs.1 MDStV und \u00a7 8 Abs.1 TDG f\u00fcr eigene Inhalte auf diesen Seiten nach den allgemeinen Gesetzen verantwortlich. <strong>Diensteanbieter<\/strong> sind jedoch nicht verpflichtet, die von ihnen \u00fcbermittelten oder gespeicherten fremden Informationen zu \u00fcberwachen oder nach Umst\u00e4nden zu forschen, die auf eine rechtswidrige T\u00e4tigkeit hinweisen.<\/p>\n\n\n\n<p><strong>Verpflichtungen <\/strong>zur Entfernung oder Sperrung der Nutzung von Informationen nach den allgemeinen Gesetzen bleiben hiervon unber\u00fchrt. Eine diesbez\u00fcgliche Haftung ist jedoch erst ab dem Zeitpunkt der Kenntnis einer konkreten Rechtsverletzung m\u00f6glich. Beim Bekanntwerden von entsprechenden Rechtsverletzungen werde ich diese Inhalte umgehend entfernen.<\/p>\n\n\n\n<hr class=\"wp-block-separator\"\/>\n\n\n\n<h2 class=\"wp-block-heading\">Haftungsausschluss f\u00fcr Links<\/h2>\n\n\n\n<p>Meine Webseite enth\u00e4lt Links zu <strong>externen Webseiten Dritter<\/strong>, auf deren Inhalte ich keinen Einfluss habe. Deshalb kann ich f\u00fcr diese fremden Inhalte auch keine Gew\u00e4hr \u00fcbernehmen.<\/p>\n\n\n\n<p>F\u00fcr die Inhalte der verlinkten Seiten ist stets <strong>der jeweilige Anbieter oder Betreiber der Seiten<\/strong> verantwortlich. Die verlinkten Seiten wurden zum Zeitpunkt der Verlinkung auf m\u00f6gliche Rechtsverst\u00f6\u00dfe \u00fcberpr\u00fcft. Rechtswidrige Inhalte waren zum Zeitpunkt der Verlinkung nicht erkennbar.<\/p>\n\n\n\n<p>Eine permanente inhaltliche Kontrolle der verlinkten Seiten ist jedoch ohne konkrete Anhaltspunkte einer Rechtsverletzung nicht zumutbar. Beim <strong>Bekanntwerden von Rechtsverletzungen<\/strong> werde ich derartige Links umgehend entfernen.<\/p>\n\n\n\n<hr class=\"wp-block-separator\"\/>\n\n\n\n<h2 class=\"wp-block-heading\">Beachtung des Urheberrechtes<\/h2>\n\n\n\n<p>Als Betreiber der Seiten beachte ich die <strong>Urheberrechte anderer<\/strong> und greife auf selbst erstellte sowie lizenzfreie Werke zur\u00fcck.<\/p>\n\n\n\n<p>Die durch mich erstellten Inhalte und Werke auf diesen Seiten unterliegen <strong>ohne Ausnahme dem deutschen Urheberrecht<\/strong>. Beitr\u00e4ge Dritter sind als solche gekennzeichnet. Die Vervielf\u00e4ltigung, Bearbeitung, Verbreitung und jede Art der Verwertung au\u00dferhalb der Grenzen des Urheberrechtes sind bis zu der schriftlichen Zustimmung des jeweiligen Autors\/Erstellers bzw. Rechteinhabers ausdr\u00fccklich untersagt.<\/p>\n\n\n\n<p><strong>Downloads und Kopien<\/strong> dieser Seite sind auch f\u00fcr den privaten, nicht kommerziellen Gebrauch nicht gestattet. Eine Ausnahme besteht ausschlie\u00dflich f\u00fcr diejenigen Inhalte dieser Seiten, wo der Download bzw. die Kopie abweichend eindeutig erlaubt wird.<\/p>\n\n\n\n<hr class=\"wp-block-separator\"\/>\n\n\n\n<h2 class=\"wp-block-heading\">Beachtung des Datenschutzes<\/h2>\n\n\n\n<p>Soweit auf den Seiten von niconolden.de <strong>personenbezogene Daten<\/strong> (beispielsweise Name, Anschrift oder eMail-Adressen) erhoben werden, erfolgt dies vorzugsweise auf freiwilliger Basis &#8211; soweit m\u00f6glich.<\/p>\n\n\n\n<p>Die Nutzung der Angebote und Dienste ist grunds\u00e4tzlich ohne Angabe personenbezogener Daten m\u00f6glich, kann aber f\u00fcr <strong>Teilbereiche <\/strong>der Angebote und Dienste eingeschr\u00e4nkt werden. In letzterem Fall k\u00f6nnen f\u00fcr den Zugang zu diesen Bereichen personalisierte Daten eingefordert werden. Eine Verweigerung dieser Daten f\u00fchrt zu einer Verweigerung des genannten, beschr\u00e4nkten Angebots oder Dienstes.<\/p>\n\n\n\n<p>Der Nutzung von im Rahmen der <strong>Impressumspflicht<\/strong> ver\u00f6ffentlichten Kontaktdaten durch Dritte zur \u00dcbersendung von nicht ausdr\u00fccklich angeforderter Werbung und Informationsmaterialien wird hiermit eindeutig widersprochen.<\/p>\n\n\n\n<p>Die Betreiber der Seiten behalten sich ausdr\u00fccklich rechtliche Schritte im Falle der <strong>unverlangten Zusendung von Werbeinformationen<\/strong>, etwa durch Spam-Mails, vor. In jedem Fall werden die Absender den Verbraucherministerien \/ -zentralen gemeldet, die Abmahnungen aussprechen k\u00f6nnen.<\/p>\n","protected":false},"excerpt":{"rendered":"<p>Impressum von niconolden.de Inhaltlich Verantwortlicher gem\u00e4\u00df \u00a7 6 MDStV: Nico Nolden Hellgrund 5422880 Wedel fon. +0049 (0)4103 &#8211; 187 1607mobil. +0049 (0) 157 &#8211; 746 547 16mail. niconolden [at] gmx [dot] de http. www.niconolden.de blog. www.keimling.niconolden.de Allgemeiner Haftungsausschluss Die Inhalte der Seiten unter niconolden.de wurden von mir &#8211; Nico Nolden &#8211; mit gr\u00f6\u00dfter Sorgfalt erstellt. F\u00fcr die Richtigkeit, Vollst\u00e4ndigkeit und Aktualit\u00e4t der Inhalte kann ich jedoch keine Gew\u00e4hr \u00fcbernehmen. Als Diensteanbieter bin ich gem\u00e4\u00df \u00a7 6 Abs.1 MDStV und \u00a7 8 Abs.1 TDG f\u00fcr eigene Inhalte auf diesen Seiten nach den allgemeinen Gesetzen verantwortlich. Diensteanbieter sind jedoch nicht verpflichtet, die von ihnen \u00fcbermittelten oder gespeicherten fremden Informationen zu \u00fcberwachen oder nach Umst\u00e4nden zu forschen, die auf eine rechtswidrige T\u00e4tigkeit hinweisen. Verpflichtungen zur Entfernung oder Sperrung der Nutzung von Informationen nach den allgemeinen Gesetzen bleiben hiervon unber\u00fchrt. Eine diesbez\u00fcgliche Haftung ist jedoch erst ab dem Zeitpunkt der Kenntnis einer konkreten Rechtsverletzung m\u00f6glich. Beim Bekanntwerden von entsprechenden Rechtsverletzungen werde ich diese Inhalte umgehend entfernen. Haftungsausschluss f\u00fcr Links Meine Webseite enth\u00e4lt Links zu externen Webseiten Dritter, auf deren Inhalte ich keinen Einfluss habe. Deshalb kann ich f\u00fcr diese fremden Inhalte auch keine Gew\u00e4hr \u00fcbernehmen. F\u00fcr die Inhalte der verlinkten Seiten ist stets der jeweilige Anbieter oder Betreiber der Seiten verantwortlich. Die verlinkten Seiten wurden zum Zeitpunkt der Verlinkung auf m\u00f6gliche Rechtsverst\u00f6\u00dfe \u00fcberpr\u00fcft. Rechtswidrige Inhalte waren zum Zeitpunkt der Verlinkung nicht erkennbar. Eine permanente inhaltliche Kontrolle der verlinkten Seiten ist jedoch ohne konkrete Anhaltspunkte einer Rechtsverletzung nicht zumutbar. Beim Bekanntwerden von Rechtsverletzungen werde ich derartige Links umgehend entfernen. Beachtung des Urheberrechtes Als Betreiber der Seiten beachte ich die Urheberrechte anderer und greife auf selbst erstellte sowie lizenzfreie Werke zur\u00fcck. Die durch mich erstellten Inhalte und Werke auf diesen Seiten unterliegen ohne Ausnahme dem deutschen Urheberrecht. Beitr\u00e4ge Dritter sind als solche gekennzeichnet. Die Vervielf\u00e4ltigung, Bearbeitung, Verbreitung und jede Art der Verwertung au\u00dferhalb der Grenzen des Urheberrechtes sind bis zu der schriftlichen Zustimmung des jeweiligen Autors\/Erstellers bzw. Rechteinhabers ausdr\u00fccklich untersagt. Downloads und Kopien dieser Seite sind auch f\u00fcr den privaten, nicht kommerziellen Gebrauch nicht gestattet. Eine Ausnahme besteht ausschlie\u00dflich f\u00fcr diejenigen Inhalte dieser Seiten, wo der Download bzw. die Kopie abweichend eindeutig erlaubt wird. Beachtung des Datenschutzes Soweit auf den Seiten von niconolden.de personenbezogene Daten (beispielsweise Name, Anschrift oder eMail-Adressen) erhoben werden, erfolgt dies vorzugsweise auf freiwilliger Basis &#8211; soweit m\u00f6glich. Die Nutzung der Angebote und Dienste ist grunds\u00e4tzlich ohne Angabe personenbezogener Daten m\u00f6glich, kann aber f\u00fcr Teilbereiche der Angebote und Dienste eingeschr\u00e4nkt werden. In letzterem Fall k\u00f6nnen f\u00fcr den Zugang zu diesen Bereichen personalisierte Daten eingefordert werden. Eine Verweigerung dieser Daten f\u00fchrt zu einer Verweigerung des genannten, beschr\u00e4nkten Angebots oder Dienstes. Der Nutzung von im Rahmen der Impressumspflicht ver\u00f6ffentlichten Kontaktdaten durch Dritte zur \u00dcbersendung von nicht ausdr\u00fccklich angeforderter Werbung und Informationsmaterialien wird hiermit eindeutig widersprochen. Die Betreiber der Seiten behalten sich ausdr\u00fccklich rechtliche Schritte im Falle der unverlangten Zusendung von Werbeinformationen, etwa durch Spam-Mails, vor. In jedem Fall werden die Absender den Verbraucherministerien \/ -zentralen gemeldet, die Abmahnungen aussprechen k\u00f6nnen.<\/p>\n","protected":false},"author":1,"featured_media":0,"parent":0,"menu_order":0,"comment_status":"closed","ping_status":"closed","template":"","meta":{"footnotes":""},"class_list":["post-20","page","type-page","status-publish","hentry"],"_links":{"self":[{"href":"https:\/\/niconolden.de\/person\/wp-json\/wp\/v2\/pages\/20","targetHints":{"allow":["GET"]}}],"collection":[{"href":"https:\/\/niconolden.de\/person\/wp-json\/wp\/v2\/pages"}],"about":[{"href":"https:\/\/niconolden.de\/person\/wp-json\/wp\/v2\/types\/page"}],"author":[{"embeddable":true,"href":"https:\/\/niconolden.de\/person\/wp-json\/wp\/v2\/users\/1"}],"replies":[{"embeddable":true,"href":"https:\/\/niconolden.de\/person\/wp-json\/wp\/v2\/comments?post=20"}],"version-history":[{"count":2,"href":"https:\/\/niconolden.de\/person\/wp-json\/wp\/v2\/pages\/20\/revisions"}],"predecessor-version":[{"id":682,"href":"https:\/\/niconolden.de\/person\/wp-json\/wp\/v2\/pages\/20\/revisions\/682"}],"wp:attachment":[{"href":"https:\/\/niconolden.de\/person\/wp-json\/wp\/v2\/media?parent=20"}],"curies":[{"name":"wp","href":"https:\/\/api.w.org\/{rel}","templated":true}]}}