{"id":17,"date":"2019-02-16T18:02:32","date_gmt":"2019-02-16T17:02:32","guid":{"rendered":"https:\/\/niconolden.de\/person\/?page_id=17"},"modified":"2026-01-13T08:47:38","modified_gmt":"2026-01-13T07:47:38","slug":"expertise","status":"publish","type":"page","link":"https:\/\/niconolden.de\/person\/expertise\/","title":{"rendered":"Expertise"},"content":{"rendered":"\n<p>Diese Website weist meine <strong>T\u00e4tigkeiten und Spezialgebiete<\/strong> aus. Seit 2009 bin ich als Historiker in wissenschaftlichen Forschungsprojekten und Lehrlaboren t\u00e4tig. Schon zuvor im Studium sammelte ich Erfahrungen in Projekten innerhalb der Universit\u00e4t und au\u00dferhalb an Instituten. <\/p>\n\n\n\n<p>Intensiv arbeite ich seit jeher mit praktischen Berufsfeldern und anwendungsorientierten Hochschulen zusammen. Die \u00fcbergreifende Zusammenarbeit zwischen <strong>Wissenschaft und Praxis <\/strong>f\u00fchrte stets zu neuen Erkenntnissen und Arbeitsweisen auf beiden Seiten. Insbesonder liegt mir die Zusammenarbeit mit der Games Branche am Herzen.<\/p>\n\n\n\n<p>Tief \u00fcberzeugt von dem Erkenntnisgewinn durch interdisziplin\u00e4re Kollaboration baute ich daher in den vergangenen Jahren <strong>Netzwerke <\/strong>zusammen mit Forschenden und Studierenden auf. Wie ich wenden auch sie sich mit forschender Neugier neuartigen Forschungsfeldern zu und n\u00e4hern sich den kreativen M\u00f6glichkeiten digitaler Medienformen.<\/p>\n\n\n\n<p>Jede Unterseite dieser Rubrik unterteilt sich in zwei Abschnitte. Darin stehen Fragen in zwei Abschnitten im Mittelpunkt: &#8222;Was hab ich getan?&#8220; und &#8222;<strong>Was biete ich an?<\/strong>&#8222;. Damit gewinnen Sie einen guten \u00dcberblick \u00fcber meine Erfahrungen in unterschiedlichen T\u00e4tigkeitsfeldern.<\/p>\n\n\n\n<p>Kontaktieren Sie mich gerne, wenn Sie Nachfragen haben oder Interesse an einer <strong>Zusammenarbeit <\/strong>besteht. Meine Kontaktdaten finden Sie im <a href=\"https:\/\/niconolden.de\/person\/impressum-und-hinweise\/\">Impressum<\/a>. Ich w\u00fcnsche Ihnen eine unterhaltsame Lekt\u00fcre quer durch meine T\u00e4tigkeitsfelder aus mehr als f\u00fcnfzehn Jahren.<\/p>\n\n\n\n<figure class=\"wp-block-image\"><img loading=\"lazy\" decoding=\"async\" width=\"1024\" height=\"512\" src=\"https:\/\/niconolden.de\/person\/wp-content\/uploads\/2019\/02\/nolden-1-1024x512.jpg\" alt=\"\" class=\"wp-image-151\" srcset=\"https:\/\/niconolden.de\/person\/wp-content\/uploads\/2019\/02\/nolden-1-1024x512.jpg 1024w, https:\/\/niconolden.de\/person\/wp-content\/uploads\/2019\/02\/nolden-1-300x150.jpg 300w, https:\/\/niconolden.de\/person\/wp-content\/uploads\/2019\/02\/nolden-1-768x384.jpg 768w, https:\/\/niconolden.de\/person\/wp-content\/uploads\/2019\/02\/nolden-1-1080x540.jpg 1080w, https:\/\/niconolden.de\/person\/wp-content\/uploads\/2019\/02\/nolden-1-1140x570.jpg 1140w\" sizes=\"auto, (max-width: 1024px) 100vw, 1024px\" \/><figcaption class=\"wp-element-caption\">Abb. Nico Nolden (Foto: Thorsten Logge)<\/figcaption><\/figure>\n\n\n\n<p>Sie k\u00f6nnen die folgenden <strong>Links <\/strong>auch direkt zu meinen Arbeitsfeldern nutzen, wenn z.B. Mouseover bei Ihnen nicht funktioniert:<\/p>\n\n\n\n<ul class=\"wp-block-list\">\n<li><a href=\"https:\/\/niconolden.de\/person\/publichistory\/\">Public History<\/a><\/li>\n\n\n\n<li><a href=\"https:\/\/niconolden.de\/person\/digitale-spiele\/\">Digitale Spiele<\/a><\/li>\n\n\n\n<li><a href=\"https:\/\/niconolden.de\/person\/virtuelle-realitaet\/\">Virtual &amp; Augmented Reality<\/a><\/li>\n\n\n\n<li><a href=\"https:\/\/niconolden.de\/person\/projektentwicklung\/\">Projektentwicklung<\/a><\/li>\n\n\n\n<li><a href=\"https:\/\/niconolden.de\/person\/vortraege-workshops-lehre\/\">Workshops &amp; Vortr\u00e4ge<\/a><\/li>\n<\/ul>\n\n\n\n<p class=\"has-text-align-center\">*<\/p>\n","protected":false},"excerpt":{"rendered":"<p>Diese Website weist meine T\u00e4tigkeiten und Spezialgebiete aus. Seit 2009 bin ich als Historiker in wissenschaftlichen Forschungsprojekten und Lehrlaboren t\u00e4tig. Schon zuvor im Studium sammelte ich Erfahrungen in Projekten innerhalb der Universit\u00e4t und au\u00dferhalb an Instituten. Intensiv arbeite ich seit jeher mit praktischen Berufsfeldern und anwendungsorientierten Hochschulen zusammen. Die \u00fcbergreifende Zusammenarbeit zwischen Wissenschaft und Praxis f\u00fchrte stets zu neuen Erkenntnissen und Arbeitsweisen auf beiden Seiten. Insbesonder liegt mir die Zusammenarbeit mit der Games Branche am Herzen. Tief \u00fcberzeugt von dem Erkenntnisgewinn durch interdisziplin\u00e4re Kollaboration baute ich daher in den vergangenen Jahren Netzwerke zusammen mit Forschenden und Studierenden auf. Wie ich wenden auch sie sich mit forschender Neugier neuartigen Forschungsfeldern zu und n\u00e4hern sich den kreativen M\u00f6glichkeiten digitaler Medienformen. Jede Unterseite dieser Rubrik unterteilt sich in zwei Abschnitte. Darin stehen Fragen in zwei Abschnitten im Mittelpunkt: &#8222;Was hab ich getan?&#8220; und &#8222;Was biete ich an?&#8222;. Damit gewinnen Sie einen guten \u00dcberblick \u00fcber meine Erfahrungen in unterschiedlichen T\u00e4tigkeitsfeldern. Kontaktieren Sie mich gerne, wenn Sie Nachfragen haben oder Interesse an einer Zusammenarbeit besteht. Meine Kontaktdaten finden Sie im Impressum. Ich w\u00fcnsche Ihnen eine unterhaltsame Lekt\u00fcre quer durch meine T\u00e4tigkeitsfelder aus mehr als f\u00fcnfzehn Jahren. Sie k\u00f6nnen die folgenden Links auch direkt zu meinen Arbeitsfeldern nutzen, wenn z.B. Mouseover bei Ihnen nicht funktioniert: *<\/p>\n","protected":false},"author":1,"featured_media":0,"parent":0,"menu_order":0,"comment_status":"closed","ping_status":"closed","template":"","meta":{"footnotes":""},"class_list":["post-17","page","type-page","status-publish","hentry"],"_links":{"self":[{"href":"https:\/\/niconolden.de\/person\/wp-json\/wp\/v2\/pages\/17","targetHints":{"allow":["GET"]}}],"collection":[{"href":"https:\/\/niconolden.de\/person\/wp-json\/wp\/v2\/pages"}],"about":[{"href":"https:\/\/niconolden.de\/person\/wp-json\/wp\/v2\/types\/page"}],"author":[{"embeddable":true,"href":"https:\/\/niconolden.de\/person\/wp-json\/wp\/v2\/users\/1"}],"replies":[{"embeddable":true,"href":"https:\/\/niconolden.de\/person\/wp-json\/wp\/v2\/comments?post=17"}],"version-history":[{"count":16,"href":"https:\/\/niconolden.de\/person\/wp-json\/wp\/v2\/pages\/17\/revisions"}],"predecessor-version":[{"id":1279,"href":"https:\/\/niconolden.de\/person\/wp-json\/wp\/v2\/pages\/17\/revisions\/1279"}],"wp:attachment":[{"href":"https:\/\/niconolden.de\/person\/wp-json\/wp\/v2\/media?parent=17"}],"curies":[{"name":"wp","href":"https:\/\/api.w.org\/{rel}","templated":true}]}}